{"id":13,"date":"2016-05-29T17:24:00","date_gmt":"2016-05-29T15:24:00","guid":{"rendered":"http:\/\/publikat.home.amu.edu.pl\/?page_id=13"},"modified":"2019-11-21T21:49:13","modified_gmt":"2019-11-21T20:49:13","slug":"publikator","status":"publish","type":"page","link":"http:\/\/publikat.home.amu.edu.pl\/?page_id=13","title":{"rendered":"Publikator"},"content":{"rendered":"<p>Publikator jest elektroniczn\u0105 platform\u0105 wydawnicz\u0105, na kt\u00f3rej ukazuj\u0105 si\u0119 prace b\u0119d\u0105ce efektem bada\u0144 naukowych prowadzonych w szczeg\u00f3lno\u015bci przez m\u0142odych naukowc\u00f3w z Uniwersytetu im. Adama Mickiewicza w Poznaniu. <\/p>\n","protected":false},"excerpt":{"rendered":"<p>Publikator jest elektroniczn\u0105 platform\u0105 wydawnicz\u0105, na kt\u00f3rej ukazuj\u0105 si\u0119 prace b\u0119d\u0105ce efektem bada\u0144 naukowych prowadzonych w szczeg\u00f3lno\u015bci przez m\u0142odych naukowc\u00f3w z Uniwersytetu im. Adama Mickiewicza w Poznaniu.<\/p>\n","protected":false},"author":1,"featured_media":0,"parent":0,"menu_order":0,"comment_status":"closed","ping_status":"closed","template":"","meta":[],"_links":{"self":[{"href":"http:\/\/publikat.home.amu.edu.pl\/index.php?rest_route=\/wp\/v2\/pages\/13"}],"collection":[{"href":"http:\/\/publikat.home.amu.edu.pl\/index.php?rest_route=\/wp\/v2\/pages"}],"about":[{"href":"http:\/\/publikat.home.amu.edu.pl\/index.php?rest_route=\/wp\/v2\/types\/page"}],"author":[{"embeddable":true,"href":"http:\/\/publikat.home.amu.edu.pl\/index.php?rest_route=\/wp\/v2\/users\/1"}],"replies":[{"embeddable":true,"href":"http:\/\/publikat.home.amu.edu.pl\/index.php?rest_route=%2Fwp%2Fv2%2Fcomments&post=13"}],"version-history":[{"count":7,"href":"http:\/\/publikat.home.amu.edu.pl\/index.php?rest_route=\/wp\/v2\/pages\/13\/revisions"}],"predecessor-version":[{"id":572,"href":"http:\/\/publikat.home.amu.edu.pl\/index.php?rest_route=\/wp\/v2\/pages\/13\/revisions\/572"}],"wp:attachment":[{"href":"http:\/\/publikat.home.amu.edu.pl\/index.php?rest_route=%2Fwp%2Fv2%2Fmedia&parent=13"}],"curies":[{"name":"wp","href":"https:\/\/api.w.org\/{rel}","templated":true}]}}