{"id":19,"date":"2016-05-29T17:53:48","date_gmt":"2016-05-29T15:53:48","guid":{"rendered":"http:\/\/publikat.home.amu.edu.pl\/?page_id=19"},"modified":"2017-09-22T19:01:20","modified_gmt":"2017-09-22T17:01:20","slug":"witamy-w-remiku","status":"publish","type":"page","link":"http:\/\/publikat.home.amu.edu.pl\/","title":{"rendered":"Czym jest Portal Publikacyjny?"},"content":{"rendered":"<p>Publikacje.amu.edu.pl to portal publikacyjny adresowany do m\u0142odych naukowc\u00f3w: student\u00f3w i doktorant\u00f3w. Sk\u0142ada si\u0119 on z dw\u00f3ch podstawowych modu\u0142\u00f3w: bazy czasopism oraz publikatora. Baza czasopism to wykaz czasopism naukowych wydawanych na Uniwersytecie im. Adama Mickiewicza, kt\u00f3re mo\u017cna przegl\u0105da\u0107 wg. r\u00f3\u017cnorodnych kryteri\u00f3w (m.in. dziedzina wiedzy, wydzia\u0142, ranga, punktacja). Ide\u0105 bazy czasopism jest umo\u017cliwienie m\u0142odym naukowcom znalezienia miejsca, gdzie mogliby opublikowa\u0107 <span class=\"text_exposed_show\">wyniki swoich bada\u0144. <\/span><\/p>\n<p><span class=\"text_exposed_show\">Ponadto, portal publikacyjny jest miejscem, w kt\u00f3rym wydawane b\u0119d\u0105 publikacje student\u00f3w i doktorant\u00f3w ze wszystkich wydzia\u0142\u00f3w Uniwersytetu. Mog\u0105 by\u0107 to zar\u00f3wno publikacje monograficzne, wydawnictwa pokonferencyjne jak i czasopisma.<\/span><\/p>\n<p><span class=\"text_exposed_show\">Redakcja portalu, kt\u00f3r\u0105 tworz\u0105 doktoranci i studenci posiadaj\u0105cy du\u017ce do\u015bwiadczenie w wydawaniu publikacji, s\u0142u\u017cy pomoc\u0105 ko\u0142om naukowym oraz innym organizacjom studenckim i doktoranckim na wszystkich etapach procesu wydawniczego: przy tworzeniu koncepcji publikacji, uzyskaniu numeru ISBN\/ISSN, jak r\u00f3wnie\u017c etapie tworzenia publikacji, korekty i sk\u0142adu, a\u017c po zamieszczenie na stronie. <\/span><\/p>\n<p><span class=\"text_exposed_show\">Portal wsp\u00f3lnie z Kongresem K\u00f3\u0142 Naukowych dzia\u0142aj\u0105 pod opiek\u0105 Prorektor ds. studenckich prof. dr hab. Bogumi\u0142y Kaniewskiej.<br \/>\n<\/span><\/p>\n","protected":false},"excerpt":{"rendered":"<p>Publikacje.amu.edu.pl to portal publikacyjny adresowany do m\u0142odych naukowc\u00f3w: student\u00f3w i doktorant\u00f3w. Sk\u0142ada si\u0119 on z dw\u00f3ch podstawowych modu\u0142\u00f3w: bazy czasopism oraz publikatora. Baza czasopism to wykaz czasopism naukowych wydawanych na Uniwersytecie im. Adama Mickiewicza, kt\u00f3re mo\u017cna przegl\u0105da\u0107 wg. r\u00f3\u017cnorodnych kryteri\u00f3w (m.in. dziedzina wiedzy, wydzia\u0142, ranga, punktacja). Ide\u0105 bazy czasopism jest umo\u017cliwienie m\u0142odym naukowcom znalezienia miejsca, &#8230; <a title=\"Czym jest Portal Publikacyjny?\" class=\"read-more\" href=\"http:\/\/publikat.home.amu.edu.pl\/\" aria-label=\"More on Czym jest Portal Publikacyjny?\">Czytaj dalej<\/a><\/p>\n","protected":false},"author":1,"featured_media":0,"parent":0,"menu_order":0,"comment_status":"closed","ping_status":"closed","template":"","meta":[],"_links":{"self":[{"href":"http:\/\/publikat.home.amu.edu.pl\/index.php?rest_route=\/wp\/v2\/pages\/19"}],"collection":[{"href":"http:\/\/publikat.home.amu.edu.pl\/index.php?rest_route=\/wp\/v2\/pages"}],"about":[{"href":"http:\/\/publikat.home.amu.edu.pl\/index.php?rest_route=\/wp\/v2\/types\/page"}],"author":[{"embeddable":true,"href":"http:\/\/publikat.home.amu.edu.pl\/index.php?rest_route=\/wp\/v2\/users\/1"}],"replies":[{"embeddable":true,"href":"http:\/\/publikat.home.amu.edu.pl\/index.php?rest_route=%2Fwp%2Fv2%2Fcomments&post=19"}],"version-history":[{"count":5,"href":"http:\/\/publikat.home.amu.edu.pl\/index.php?rest_route=\/wp\/v2\/pages\/19\/revisions"}],"predecessor-version":[{"id":179,"href":"http:\/\/publikat.home.amu.edu.pl\/index.php?rest_route=\/wp\/v2\/pages\/19\/revisions\/179"}],"wp:attachment":[{"href":"http:\/\/publikat.home.amu.edu.pl\/index.php?rest_route=%2Fwp%2Fv2%2Fmedia&parent=19"}],"curies":[{"name":"wp","href":"https:\/\/api.w.org\/{rel}","templated":true}]}}