{"id":84,"date":"2016-07-11T21:46:36","date_gmt":"2016-07-11T19:46:36","guid":{"rendered":"http:\/\/publikat.home.amu.edu.pl\/?page_id=84"},"modified":"2025-12-02T19:19:30","modified_gmt":"2025-12-02T18:19:30","slug":"wydane-publikacje","status":"publish","type":"page","link":"http:\/\/publikat.home.amu.edu.pl\/?page_id=84","title":{"rendered":"Wydane publikacje"},"content":{"rendered":"<p><strong>  Nauki polityczne <\/strong><\/p>\n<p><a href=\"http:\/\/publikacje.amu.edu.pl\/?page_id=623&amp;preview=true\"> Determinanty wykluczenia spo\u0142ecznego. Innowacyjne metody inkluzji spo\u0142ecznej <\/a><\/p>\n<p><strong> Edukacja <\/strong><\/p>\n<p><a href=\"http:\/\/publikacje.amu.edu.pl\/wp-content\/uploads\/2025\/12\/Innowacje-w-edukacji-i-terapii.pdf\"> Innowacje w edukacji i terapii <\/a><\/p>\n<p><a href=\"http:\/\/publikacje.amu.edu.pl\/wp-content\/uploads\/2021\/07\/monografia.pdf\"> Wyzwania edukacyjne i psychologiczne okresu pandemii <\/a><\/p>\n<p><a href=\"http:\/\/publikacje.amu.edu.pl\/wp-content\/uploads\/2019\/11\/Od-inspiracji-ku-przysz\u0142o\u015bci-1.pdf\"> Od inspiracji ku przysz\u0142o\u015bci. Wybrane zagadnienia wsp\u00f3\u0142czesnej edukacji <\/a><\/p>\n<p><a href=\"http:\/\/publikacje.amu.edu.pl\/wp-content\/uploads\/2021\/08\/Nowe-media-i-informatyzacja.pdf\"> Nowe media i informatyzacja a poznawcze i spo\u0142eczne funkcjonowanie jednostek i grup spo\u0142ecznych <\/a><\/p>\n<p><a href=\"http:\/\/publikat.home.amu.edu.pl\/wp-content\/uploads\/2021\/09\/Wsparcie_w_rozwoju_psychospo\u0142ecznym.pdf\"> Wsparcie w rozwoju psychospo\u0142ecznym ku kszta\u0142towaniu postaw proobywatelskich <\/a><\/p>\n<p><strong> Nauki o kulturze <\/strong><\/p>\n<p><a href=\"http:\/\/publikacje.amu.edu.pl\/wp-content\/uploads\/2019\/11\/Kultura-w-ponowoczesnym-spo\u0142ecze\u0144stwie.pdf\"> Kultura w ponowoczesnym spo\u0142ecze\u0144stwie. Wybrane zagadnienia <\/a><\/p>\n<p><strong> Studia europejskie <\/strong><br>\n<a href=\"http:\/\/publikacje.amu.edu.pl\/?page_id=442\"> Europa w 15 lat po wielkim rozszerzeniu UE wyd. 2 poszerz. <\/a><\/p>\n<p><a href=\"http:\/\/publikacje.amu.edu.pl\/?page_id=371\"> Mechanizmy integracji europejskiej <\/a><\/p>\n<p><strong> Prawo <\/strong><br>\n<a href=\"http:\/\/publikacje.amu.edu.pl\/?page_id=688&amp;preview=true\"> Implementacja zasady zr\u00f3wnowa\u017conego rozwoju do gospodarki i sektora instytucji publicznych <\/a><\/p>\n<p><a href=\"http:\/\/publikacje.amu.edu.pl\/?page_id=480\"> Nauka i szkolnictwo wy\u017csze w przededniu wej\u015bcia w \u017cycie Ustawy 2.0. Tom I: Pracownicy, doktoranci, studenci <\/a><\/p>\n<p><a href=\"http:\/\/publikacje.amu.edu.pl\/?page_id=458\"> Nauka i szkolnictwo wy\u017csze w przededniu wej\u015bcia w \u017cycie Ustawy 2.0. Tom II: Aspekty teoretyczne i ustrojowe <\/a><\/p>\n<p><a href=\"http:\/\/publikacje.amu.edu.pl\/?page_id=232\">Planowanie przestrzenne w miastach na prawach powiatu <\/a><\/p>\n<p><a href=\"http:\/\/publikacje.amu.edu.pl\/?page_id=365\"> Zagadnienia wsp\u00f3\u0142czesnego prawa publicznego <\/a><\/p>\n<p><a href=\"http:\/\/publikacje.amu.edu.pl\/?page_id=375\">Orzecznictwo TK w okresie stycze\u0144 2014 r. &#8211; czerwiec 2015 r. Wybrane problemy <\/a><\/p>\n<p><a href=\"http:\/\/publikacje.amu.edu.pl\/?page_id=383&amp;preview=true\"> Orzecznictwo TK w okresie od lipca 2015 r. do grudnia 2016 r. Wybrane problemy <\/a><\/p>\n<p><a href=\"http:\/\/publikacje.amu.edu.pl\/?page_id=362&quot;\"> Konstytucja w orzecznictwie S\u0105du Najwy\u017cszego. Kwestie karnoprocesowe <\/a><\/p>\n<p><a href=\"http:\/\/publikacje.amu.edu.pl\/?page_id=343&amp;preview=true\"> Referendum og\u00f3lnokrajowe w polskim systemie prawnym po 2 kwietnia 1997 r. <\/a><\/p>\n<p><a href=\"http:\/\/publikacje.amu.edu.pl\/?page_id=356\"> Zasada pewno\u015bci opodatkowania a indywidualne interpretacje podatkowe <\/a><\/p>\n<p><a href=\"http:\/\/publikacje.amu.edu.pl\/?page_id=387&amp;preview=true\">Prezydent w Konstytucjach RP<\/a><\/p>\n<p><a href=\"http:\/\/publikacje.amu.edu.pl\/?page_id=394\"> B\u0142\u0119dy w tre\u015bci i procedurze uchwalania miejscowych plan\u00f3w zagospodarowania przestrzennego w \u015bwietle orzecznictwa Wojew\u00f3dzkiego S\u0105du Administracyjnego w Poznaniu z roku 2014<\/a><\/p>\n<p><strong> Nauki przyrodnicze <\/strong><br>\n<a href=\"http:\/\/publikacje.amu.edu.pl\/?page_id=526\"> Wsp\u00f3\u0142czesne badania przyrodnicze i medyczne: zastosowania praktyczne. Wybrane zagadnienia <\/a><\/p>\n\n\n\n","protected":false},"excerpt":{"rendered":"<p>Nauki polityczne Determinanty wykluczenia spo\u0142ecznego. Innowacyjne metody inkluzji spo\u0142ecznej Edukacja Innowacje w edukacji i terapii Wyzwania edukacyjne i psychologiczne okresu pandemii Od inspiracji ku przysz\u0142o\u015bci. Wybrane zagadnienia wsp\u00f3\u0142czesnej edukacji Nowe media i informatyzacja a poznawcze i spo\u0142eczne funkcjonowanie jednostek i grup spo\u0142ecznych Wsparcie w rozwoju psychospo\u0142ecznym ku kszta\u0142towaniu postaw proobywatelskich Nauki o kulturze Kultura w &#8230; <a title=\"Wydane publikacje\" class=\"read-more\" href=\"http:\/\/publikat.home.amu.edu.pl\/?page_id=84\" aria-label=\"More on Wydane publikacje\">Czytaj dalej<\/a><\/p>\n","protected":false},"author":1,"featured_media":0,"parent":0,"menu_order":0,"comment_status":"closed","ping_status":"closed","template":"","meta":[],"_links":{"self":[{"href":"http:\/\/publikat.home.amu.edu.pl\/index.php?rest_route=\/wp\/v2\/pages\/84"}],"collection":[{"href":"http:\/\/publikat.home.amu.edu.pl\/index.php?rest_route=\/wp\/v2\/pages"}],"about":[{"href":"http:\/\/publikat.home.amu.edu.pl\/index.php?rest_route=\/wp\/v2\/types\/page"}],"author":[{"embeddable":true,"href":"http:\/\/publikat.home.amu.edu.pl\/index.php?rest_route=\/wp\/v2\/users\/1"}],"replies":[{"embeddable":true,"href":"http:\/\/publikat.home.amu.edu.pl\/index.php?rest_route=%2Fwp%2Fv2%2Fcomments&post=84"}],"version-history":[{"count":135,"href":"http:\/\/publikat.home.amu.edu.pl\/index.php?rest_route=\/wp\/v2\/pages\/84\/revisions"}],"predecessor-version":[{"id":721,"href":"http:\/\/publikat.home.amu.edu.pl\/index.php?rest_route=\/wp\/v2\/pages\/84\/revisions\/721"}],"wp:attachment":[{"href":"http:\/\/publikat.home.amu.edu.pl\/index.php?rest_route=%2Fwp%2Fv2%2Fmedia&parent=84"}],"curies":[{"name":"wp","href":"https:\/\/api.w.org\/{rel}","templated":true}]}}